{"id":102,"date":"2015-03-05T20:58:46","date_gmt":"2015-03-05T20:58:46","guid":{"rendered":"http:\/\/www.uaa.mx\/direcciones\/sg\/rh\/?page_id=102"},"modified":"2024-10-11T21:05:54","modified_gmt":"2024-10-11T21:05:54","slug":"seccion-de-seleccion-y-contratacion","status":"publish","type":"page","link":"https:\/\/uaa.mx\/direcciones\/sg\/rh\/seccion-de-seleccion-y-contratacion\/","title":{"rendered":"Selecci\u00f3n y Contrataci\u00f3n"},"content":{"rendered":"<h3>Secci\u00f3n de Selecci\u00f3n y Contrataci\u00f3n<\/h3>\n<p>Llevar a cabo el proceso de reclutamiento, selecci\u00f3n y contrataci\u00f3n para ocupar un puesto administrativo en la Instituci\u00f3n.<\/p>\n<p style=\"text-align: right;\"><a href=\"https:\/\/uaa.mx\/direcciones\/sg\/rh\/wp-content\/uploads\/2018\/06\/Maria-del-Rosario-Viramontes-Rangel.jpg\"><img loading=\"lazy\" decoding=\"async\" src=\"https:\/\/uaa.mx\/direcciones\/sg\/rh\/wp-content\/uploads\/2018\/06\/Maria-del-Rosario-Viramontes-Rangel-150x150.jpg\" alt=\"\" width=\"150\" height=\"150\" class=\"aligncenter wp-image-1274 size-thumbnail\" srcset=\"https:\/\/uaa.mx\/direcciones\/sg\/rh\/wp-content\/uploads\/2018\/06\/Maria-del-Rosario-Viramontes-Rangel-150x150.jpg 150w, https:\/\/uaa.mx\/direcciones\/sg\/rh\/wp-content\/uploads\/2018\/06\/Maria-del-Rosario-Viramontes-Rangel-300x300.jpg 300w, https:\/\/uaa.mx\/direcciones\/sg\/rh\/wp-content\/uploads\/2018\/06\/Maria-del-Rosario-Viramontes-Rangel-768x768.jpg 768w, https:\/\/uaa.mx\/direcciones\/sg\/rh\/wp-content\/uploads\/2018\/06\/Maria-del-Rosario-Viramontes-Rangel-1024x1024.jpg 1024w, https:\/\/uaa.mx\/direcciones\/sg\/rh\/wp-content\/uploads\/2018\/06\/Maria-del-Rosario-Viramontes-Rangel.jpg 1200w\" sizes=\"auto, (max-width: 150px) 100vw, 150px\" \/><\/a><\/p>\n<p style=\"text-align: right;\"><span> Responsable: L.R.I. Mar\u00eda del Rosario Viramontes Rangel.<\/span><br \/>\nExt. 20336.<\/p>\n<p>\u00a0 <img loading=\"lazy\" decoding=\"async\" src=\"https:\/\/uaa.mx\/direcciones\/sg\/rh\/wp-content\/uploads\/2024\/08\/Daniela-Acuna-Gonzalez-150x150.jpg\" alt=\"\" width=\"150\" height=\"150\" class=\"wp-image-3254 size-thumbnail aligncenter\" srcset=\"https:\/\/uaa.mx\/direcciones\/sg\/rh\/wp-content\/uploads\/2024\/08\/Daniela-Acuna-Gonzalez-150x150.jpg 150w, https:\/\/uaa.mx\/direcciones\/sg\/rh\/wp-content\/uploads\/2024\/08\/Daniela-Acuna-Gonzalez-300x300.jpg 300w, https:\/\/uaa.mx\/direcciones\/sg\/rh\/wp-content\/uploads\/2024\/08\/Daniela-Acuna-Gonzalez-1024x1024.jpg 1024w, https:\/\/uaa.mx\/direcciones\/sg\/rh\/wp-content\/uploads\/2024\/08\/Daniela-Acuna-Gonzalez-768x768.jpg 768w, https:\/\/uaa.mx\/direcciones\/sg\/rh\/wp-content\/uploads\/2024\/08\/Daniela-Acuna-Gonzalez.jpg 1200w\" sizes=\"auto, (max-width: 150px) 100vw, 150px\" \/><\/p>\n<p style=\"text-align: right;\">Asistente: Lic. en Psic. Daniela Acu\u00f1a Gonz\u00e1lez.<br \/>\nExt. 20340.<\/p>\n<p style=\"text-align: right;\">Asistente administrativo: Francisco Andr\u00e9s Medina Ocampo.<br \/>\nExt: 20337.<\/p>\n<h4>SELECCI\u00d3N:<\/h4>\n<ul>\n<li>Recepci\u00f3n de Curr\u00edculos Vitae de profesionales para cubrir un puesto de confianza en la Instituci\u00f3n.<\/li>\n<li>Cartera de Solicitudes de empleo promocionadas por parte del STUAA.<\/li>\n<li>Requisici\u00f3n de Personal Administrativo para cubrir una vacante en la Instituci\u00f3n.<\/li>\n<li>An\u00e1lisis de Puestos Administrativos.<\/li>\n<li>Perfil de Puestos Administrativos.<\/li>\n<li>Proceso de ex\u00e1menes de conocimientos y psicom\u00e9tricos.<\/li>\n<li>Entrevistas para el personal aspirante a cubrir un puesto administrativo.<\/li>\n<li>Aclaraci\u00f3n de dudas en el proceso de selecci\u00f3n.<\/li>\n<li>Contestaciones de convocatorias.<\/li>\n<\/ul>\n<p><strong>Encargadas de Selecci\u00f3n:<\/strong><\/p>\n<p style=\"text-align: right;\">Lic. en Psic. Daniela Acu\u00f1a Gonz\u00e1lez.<br \/>\nExt. 20340.<\/p>\n<p style=\"text-align: right;\">L.R.I. Marlene Mart\u00ednez Ram\u00edrez.<br \/>\nExt. 20340.<\/p>\n<p style=\"text-align: right;\">L.A.E. Zayda Jezabel Guzm\u00e1n Oropeza.<br \/>\nExt. 20339.<\/p>\n<p style=\"text-align: right;\">L.R.I Andrea Alejandra Delgado de Lara.<br \/>\nExt. 20341.<\/p>\n<p style=\"text-align: right;\">M. en Admon. Ana Rocio Mac\u00edas Casta\u00f1eda.<br \/>\nExt. 20338.<\/p>\n<p style=\"text-align: right;\">L.R.I. Claudia Isabel Guti\u00e9rrez M\u00e1rquez.<br \/>\nExt. 20342.<\/p>\n<h4>CONTRATACI\u00d3N:<\/h4>\n<ul>\n<li>Actualizaci\u00f3n de datos personales en el sistema.<\/li>\n<li>Elaboraci\u00f3n y firmas de Contratos, Cambios temporales y Nombramientos del Personal Administrativo.<\/li>\n<li>Permutas.<\/li>\n<li>Recepci\u00f3n de documentos del personal de nuevo ingreso.<\/li>\n<li>Programaci\u00f3n para examen m\u00e9dico del personal que se encuentra en proceso de selecci\u00f3n.<\/li>\n<li>Hojas de Beneficiarios (personal con base).<\/li>\n<li>Elaboraci\u00f3n de Avisos de Vencimiento de Contratos y Cambios Temporales del personal administrativo.<\/li>\n<li>Elaboraci\u00f3n de Hojas de Retroalimentaci\u00f3n para valoraci\u00f3n del desempe\u00f1o del personal administrativo que cubre alguna vacante temporal por primera vez.<\/li>\n<\/ul>\n<p style=\"text-align: right;\"><img loading=\"lazy\" decoding=\"async\" src=\"https:\/\/uaa.mx\/direcciones\/sg\/rh\/wp-content\/uploads\/2024\/08\/Maria-Luisa-Munoz-Blanco-150x150.jpg\" alt=\"\" width=\"150\" height=\"150\" class=\"aligncenter wp-image-3257 size-thumbnail\" srcset=\"https:\/\/uaa.mx\/direcciones\/sg\/rh\/wp-content\/uploads\/2024\/08\/Maria-Luisa-Munoz-Blanco-150x150.jpg 150w, https:\/\/uaa.mx\/direcciones\/sg\/rh\/wp-content\/uploads\/2024\/08\/Maria-Luisa-Munoz-Blanco-300x300.jpg 300w, https:\/\/uaa.mx\/direcciones\/sg\/rh\/wp-content\/uploads\/2024\/08\/Maria-Luisa-Munoz-Blanco-1024x1024.jpg 1024w, https:\/\/uaa.mx\/direcciones\/sg\/rh\/wp-content\/uploads\/2024\/08\/Maria-Luisa-Munoz-Blanco-768x768.jpg 768w, https:\/\/uaa.mx\/direcciones\/sg\/rh\/wp-content\/uploads\/2024\/08\/Maria-Luisa-Munoz-Blanco.jpg 1200w\" sizes=\"auto, (max-width: 150px) 100vw, 150px\" \/><\/p>\n<p style=\"text-align: right;\">L.A.E. Mar\u00eda Luisa Mu\u00f1oz Blanco.<br \/>\nExt. 20338.<\/p>\n","protected":false},"excerpt":{"rendered":"<p>Secci\u00f3n de Selecci\u00f3n y Contrataci\u00f3n Llevar a cabo el proceso de reclutamiento, selecci\u00f3n y contrataci\u00f3n para ocupar un puesto administrativo en la Instituci\u00f3n. Responsable: L.R.I. Mar\u00eda del Rosario Viramontes Rangel. Ext. 20336. \u00a0 Asistente: Lic. en Psic. Daniela Acu\u00f1a Gonz\u00e1lez. Ext. 20340. Asistente administrativo: Francisco Andr\u00e9s Medina Ocampo. Ext: 20337. [&hellip;]<\/p>\n","protected":false},"author":5,"featured_media":0,"parent":0,"menu_order":0,"comment_status":"closed","ping_status":"closed","template":"","meta":{"footnotes":""},"class_list":["post-102","page","type-page","status-publish","hentry"],"_links":{"self":[{"href":"https:\/\/uaa.mx\/direcciones\/sg\/rh\/wp-json\/wp\/v2\/pages\/102","targetHints":{"allow":["GET"]}}],"collection":[{"href":"https:\/\/uaa.mx\/direcciones\/sg\/rh\/wp-json\/wp\/v2\/pages"}],"about":[{"href":"https:\/\/uaa.mx\/direcciones\/sg\/rh\/wp-json\/wp\/v2\/types\/page"}],"author":[{"embeddable":true,"href":"https:\/\/uaa.mx\/direcciones\/sg\/rh\/wp-json\/wp\/v2\/users\/5"}],"replies":[{"embeddable":true,"href":"https:\/\/uaa.mx\/direcciones\/sg\/rh\/wp-json\/wp\/v2\/comments?post=102"}],"version-history":[{"count":20,"href":"https:\/\/uaa.mx\/direcciones\/sg\/rh\/wp-json\/wp\/v2\/pages\/102\/revisions"}],"predecessor-version":[{"id":3292,"href":"https:\/\/uaa.mx\/direcciones\/sg\/rh\/wp-json\/wp\/v2\/pages\/102\/revisions\/3292"}],"wp:attachment":[{"href":"https:\/\/uaa.mx\/direcciones\/sg\/rh\/wp-json\/wp\/v2\/media?parent=102"}],"curies":[{"name":"wp","href":"https:\/\/api.w.org\/{rel}","templated":true}]}}