{"id":129,"date":"2015-04-07T15:33:19","date_gmt":"2015-04-07T15:33:19","guid":{"rendered":"http:\/\/www.uaa.mx\/direcciones\/sg\/rh\/?page_id=129"},"modified":"2024-09-24T16:11:01","modified_gmt":"2024-09-24T16:11:01","slug":"nominas-y-retribuciones","status":"publish","type":"page","link":"https:\/\/uaa.mx\/direcciones\/sg\/rh\/nominas-y-retribuciones\/","title":{"rendered":"N\u00f3minas y Retribuciones"},"content":{"rendered":"<h3 style=\"text-align: justify;\">Secci\u00f3n de N\u00f3minas y Retribuciones<\/h3>\n<p style=\"text-align: justify;\">Llevar a cabo el proceso del pago de n\u00f3mina para personal acad\u00e9mico, administrativo y prestadores de servicios profesionales de la Instituci\u00f3n.<\/p>\n<p><img loading=\"lazy\" decoding=\"async\" class=\"aligncenter size-thumbnail wp-image-1269\" src=\"http:\/\/www.uaa.mx\/direcciones\/sg\/rh\/wp-content\/uploads\/2018\/06\/Erika-Lucero-Marquez-Garcia-150x150.jpg\" alt=\"\" width=\"150\" height=\"150\" srcset=\"https:\/\/uaa.mx\/direcciones\/sg\/rh\/wp-content\/uploads\/2018\/06\/Erika-Lucero-Marquez-Garcia-150x150.jpg 150w, https:\/\/uaa.mx\/direcciones\/sg\/rh\/wp-content\/uploads\/2018\/06\/Erika-Lucero-Marquez-Garcia-300x300.jpg 300w, https:\/\/uaa.mx\/direcciones\/sg\/rh\/wp-content\/uploads\/2018\/06\/Erika-Lucero-Marquez-Garcia-768x768.jpg 768w, https:\/\/uaa.mx\/direcciones\/sg\/rh\/wp-content\/uploads\/2018\/06\/Erika-Lucero-Marquez-Garcia-1024x1024.jpg 1024w, https:\/\/uaa.mx\/direcciones\/sg\/rh\/wp-content\/uploads\/2018\/06\/Erika-Lucero-Marquez-Garcia.jpg 1200w\" sizes=\"auto, (max-width: 150px) 100vw, 150px\" \/><\/p>\n<p style=\"text-align: right;\">C.P. Erika Lucero M\u00e1rquez Garc\u00eda.<br \/><span>Ext. 20317.<\/span><\/p>\n<p style=\"text-align: right;\">Asistente: H\u00e9ctor Mu\u00f1oz Garc\u00eda.<\/p>\n<p style=\"text-align: right;\">Auxiliar administrativo: \u00a0Argelia Rodr\u00edguez Res\u00e9ndiz.<\/p>\n<h4>N\u00d3MINAS<\/h4>\n<ul>\n<li>Informaci\u00f3n general sobre pagos y prestaciones.<\/li>\n<li>Aclaraciones de descuentos.<\/li>\n<li>Tr\u00e1mite de pago electr\u00f3nico.<\/li>\n<\/ul>\n<p><\/p>\n<p style=\"text-align: right;\">L.A.E. Deyra Alejandra Romo P\u00e9rez.<br \/>Ext. 20318.<\/p>\n<p style=\"text-align: right;\">L.A.E. Daphne Lizeth Vital Cruz.<br \/>Ext. 20319.<\/p>\n<p style=\"text-align: right;\">C.P. Juan Carlos L\u00f3pez Tiscare\u00f1o.<br \/>Ext. 20317.<\/p>\n<h4>CONTROL DE ASISTENCIAS<\/h4>\n<ul>\n<li style=\"text-align: justify;\">Aclaraci\u00f3n de descuentos por faltas.<\/li>\n<li style=\"text-align: justify;\">Renovaci\u00f3n de credenciales (en caso de extrav\u00edo debe avisar, pagar y se repone el mismo d\u00eda).<\/li>\n<li style=\"text-align: justify;\">Pago de tiempo extra, d\u00edas festivos y primas dominicales.<\/li>\n<\/ul>\n<p><img loading=\"lazy\" decoding=\"async\" class=\"aligncenter size-thumbnail wp-image-1255\" style=\"color: #333333; font-style: normal; font-weight: 300;\" src=\"http:\/\/www.uaa.mx\/direcciones\/sg\/rh\/wp-content\/uploads\/2018\/06\/Ma-del-Socorro-Martinez-Ruiz-150x150.jpg\" alt=\"\" width=\"150\" height=\"150\" srcset=\"https:\/\/uaa.mx\/direcciones\/sg\/rh\/wp-content\/uploads\/2018\/06\/Ma-del-Socorro-Martinez-Ruiz-150x150.jpg 150w, https:\/\/uaa.mx\/direcciones\/sg\/rh\/wp-content\/uploads\/2018\/06\/Ma-del-Socorro-Martinez-Ruiz-300x300.jpg 300w, https:\/\/uaa.mx\/direcciones\/sg\/rh\/wp-content\/uploads\/2018\/06\/Ma-del-Socorro-Martinez-Ruiz-768x768.jpg 768w, https:\/\/uaa.mx\/direcciones\/sg\/rh\/wp-content\/uploads\/2018\/06\/Ma-del-Socorro-Martinez-Ruiz-1024x1024.jpg 1024w, https:\/\/uaa.mx\/direcciones\/sg\/rh\/wp-content\/uploads\/2018\/06\/Ma-del-Socorro-Martinez-Ruiz.jpg 1200w\" sizes=\"auto, (max-width: 150px) 100vw, 150px\" \/><\/p>\n<p style=\"text-align: right;\">Ma. del Socorro Mart\u00ednez Ru\u00edz.<br \/>Ext. 20320.<\/p>\n<p><img loading=\"lazy\" decoding=\"async\" class=\"aligncenter size-thumbnail wp-image-1256\" style=\"color: #333333; font-style: normal; font-weight: 300;\" src=\"http:\/\/www.uaa.mx\/direcciones\/sg\/rh\/wp-content\/uploads\/2018\/06\/Yolanda-Alonso-Gallegos-150x150.jpg\" alt=\"\" width=\"150\" height=\"150\" srcset=\"https:\/\/uaa.mx\/direcciones\/sg\/rh\/wp-content\/uploads\/2018\/06\/Yolanda-Alonso-Gallegos-150x150.jpg 150w, https:\/\/uaa.mx\/direcciones\/sg\/rh\/wp-content\/uploads\/2018\/06\/Yolanda-Alonso-Gallegos-300x300.jpg 300w, https:\/\/uaa.mx\/direcciones\/sg\/rh\/wp-content\/uploads\/2018\/06\/Yolanda-Alonso-Gallegos-768x768.jpg 768w, https:\/\/uaa.mx\/direcciones\/sg\/rh\/wp-content\/uploads\/2018\/06\/Yolanda-Alonso-Gallegos-1024x1024.jpg 1024w, https:\/\/uaa.mx\/direcciones\/sg\/rh\/wp-content\/uploads\/2018\/06\/Yolanda-Alonso-Gallegos.jpg 1200w\" sizes=\"auto, (max-width: 150px) 100vw, 150px\" \/><\/p>\n<p style=\"text-align: right;\">L.R.I. Yolanda Alonso Gallegos.<br \/>Ext. 20321.<\/p>\n<p><\/p>\n<p style=\"text-align: right;\">\u00a0F\u00e1tima Jacqueline Rodr\u00edguez Gonz\u00e1lez.<br \/>Ext. 20322.<\/p>\n<h4>LISTA DE RAYA<\/h4>\n<p style=\"text-align: right;\">L.A.F. Paulina Monserrat Garc\u00eda Pedroza.<br \/>Ext. 20324.<\/p>\n\n\n<div style=\"height:40px\" aria-hidden=\"true\" class=\"wp-block-spacer\"><\/div>\n","protected":false},"excerpt":{"rendered":"<p>Secci\u00f3n de N\u00f3minas y Retribuciones Llevar a cabo el proceso del pago de n\u00f3mina para personal acad\u00e9mico, administrativo y prestadores de servicios profesionales de la Instituci\u00f3n. C.P. Erika Lucero M\u00e1rquez Garc\u00eda.Ext. 20317. Asistente: H\u00e9ctor Mu\u00f1oz Garc\u00eda. Auxiliar administrativo: \u00a0Argelia Rodr\u00edguez Res\u00e9ndiz. N\u00d3MINAS Informaci\u00f3n general sobre pagos y prestaciones. Aclaraciones de [&hellip;]<\/p>\n","protected":false},"author":5,"featured_media":0,"parent":0,"menu_order":0,"comment_status":"closed","ping_status":"closed","template":"","meta":{"footnotes":""},"class_list":["post-129","page","type-page","status-publish","hentry"],"_links":{"self":[{"href":"https:\/\/uaa.mx\/direcciones\/sg\/rh\/wp-json\/wp\/v2\/pages\/129","targetHints":{"allow":["GET"]}}],"collection":[{"href":"https:\/\/uaa.mx\/direcciones\/sg\/rh\/wp-json\/wp\/v2\/pages"}],"about":[{"href":"https:\/\/uaa.mx\/direcciones\/sg\/rh\/wp-json\/wp\/v2\/types\/page"}],"author":[{"embeddable":true,"href":"https:\/\/uaa.mx\/direcciones\/sg\/rh\/wp-json\/wp\/v2\/users\/5"}],"replies":[{"embeddable":true,"href":"https:\/\/uaa.mx\/direcciones\/sg\/rh\/wp-json\/wp\/v2\/comments?post=129"}],"version-history":[{"count":27,"href":"https:\/\/uaa.mx\/direcciones\/sg\/rh\/wp-json\/wp\/v2\/pages\/129\/revisions"}],"predecessor-version":[{"id":3287,"href":"https:\/\/uaa.mx\/direcciones\/sg\/rh\/wp-json\/wp\/v2\/pages\/129\/revisions\/3287"}],"wp:attachment":[{"href":"https:\/\/uaa.mx\/direcciones\/sg\/rh\/wp-json\/wp\/v2\/media?parent=129"}],"curies":[{"name":"wp","href":"https:\/\/api.w.org\/{rel}","templated":true}]}}