{"id":132,"date":"2015-04-07T15:37:25","date_gmt":"2015-04-07T15:37:25","guid":{"rendered":"http:\/\/www.uaa.mx\/direcciones\/sg\/rh\/?page_id=132"},"modified":"2024-10-18T18:12:36","modified_gmt":"2024-10-18T18:12:36","slug":"seguridad-y-prestaciones-sociales","status":"publish","type":"page","link":"https:\/\/uaa.mx\/direcciones\/sg\/rh\/seguridad-y-prestaciones-sociales\/","title":{"rendered":"Seguridad y Prestaciones Sociales"},"content":{"rendered":"<h3><\/h3>\n<h3>Secci\u00f3n de Seguridad y Prestaciones Sociales<\/h3>\n<p>Realizar y coordinar las actividades de la Secci\u00f3n cuya finalidad vayan orientadas al otorgamiento de la seguridad social, prestaciones sociales y servicios m\u00e9dicos para todo el personal de la Instituci\u00f3n, as\u00ed como el cumplimiento de la normatividad establecida para tal fin. (Contratos Colectivos de Trabajo STUAA y ACIUAA, IMSS, INFONAVIT y SAT).<\/p>\n<p style=\"text-align: right;\"><img loading=\"lazy\" decoding=\"async\" class=\"aligncenter size-thumbnail wp-image-1253\" src=\"http:\/\/www.uaa.mx\/direcciones\/sg\/rh\/wp-content\/uploads\/2018\/06\/Claudia-Beatriz-Valdez-Arechiga-150x150.jpg\" alt=\"\" width=\"150\" height=\"150\" srcset=\"https:\/\/uaa.mx\/direcciones\/sg\/rh\/wp-content\/uploads\/2018\/06\/Claudia-Beatriz-Valdez-Arechiga-150x150.jpg 150w, https:\/\/uaa.mx\/direcciones\/sg\/rh\/wp-content\/uploads\/2018\/06\/Claudia-Beatriz-Valdez-Arechiga-300x300.jpg 300w, https:\/\/uaa.mx\/direcciones\/sg\/rh\/wp-content\/uploads\/2018\/06\/Claudia-Beatriz-Valdez-Arechiga-768x768.jpg 768w, https:\/\/uaa.mx\/direcciones\/sg\/rh\/wp-content\/uploads\/2018\/06\/Claudia-Beatriz-Valdez-Arechiga-1024x1024.jpg 1024w, https:\/\/uaa.mx\/direcciones\/sg\/rh\/wp-content\/uploads\/2018\/06\/Claudia-Beatriz-Valdez-Arechiga.jpg 1200w\" sizes=\"auto, (max-width: 150px) 100vw, 150px\" \/><\/p>\n<p style=\"text-align: right;\">C.P. Claudia Beatriz Valdez Ar\u00e9chiga.<br \/>\nExt. 20325.<\/p>\n<p style=\"text-align: right;\">Encargado Administrativo: C.P. Pardo Guzm\u00e1n Jorge.<\/p>\n<p style=\"text-align: right;\">Asistente del departamento: Gabriela Mart\u00ednez Mart\u00ednez.<br \/>\nExt. 20326.<\/p>\n<h4>PRESTACIONES SOCIALES<\/h4>\n<ul>\n<li>Realizar y revisar el otorgamiento de las prestaciones que por los contratos colectivos, se deben otorgar al personal administrativo y docente de la Instituci\u00f3n, garantizando que se efect\u00faen con eficiencia y eficacia.<\/li>\n<\/ul>\n<table width=\"989\">\n<tbody>\n<tr>\n<td width=\"221\"><strong>Personal Administrativo<\/strong><\/td>\n<td width=\"356\"><\/td>\n<td width=\"412\"><\/td>\n<\/tr>\n<tr>\n<td width=\"221\">CONCEPTO<\/td>\n<td width=\"356\">DIRIGIDO A:<\/td>\n<td width=\"412\">PERIODO<\/td>\n<\/tr>\n<tr>\n<td width=\"221\">Previsi\u00f3n Social.<\/td>\n<td width=\"356\">Todo el personal administrativo de confianza y sindicalizado.<\/td>\n<td width=\"412\">Seg\u00fan lo establece el CCT-UAA.<\/td>\n<\/tr>\n<tr>\n<td width=\"221\">Productividad para Conserjes.<\/td>\n<td width=\"356\">Dirigido a todos los conserjes que cumplan con los requisitos de la evaluaci\u00f3n de productividad que\u00a0 pertenecen a la Direcci\u00f3n General de Infraestructura.<\/td>\n<td width=\"412\">Primera quincena de cada mes.<\/td>\n<\/tr>\n<tr>\n<td width=\"221\">Vales de Gasolina.<\/td>\n<td width=\"356\">Todos los jefes de departamento (Docentes y Administrativos).<\/td>\n<td width=\"412\">Quincenal.<\/td>\n<\/tr>\n<tr>\n<td width=\"221\">Uniforme Institucional.<\/td>\n<td width=\"356\">A todo el personal administrativo.<\/td>\n<td width=\"412\">Abril y\u00a0 Octubre.<\/td>\n<\/tr>\n<tr>\n<td width=\"221\">Uniforme Industrial.<\/td>\n<td width=\"356\">A todo el personal administrativo que de acuerdo a sus actividades requiere uniforme industrial.<\/td>\n<td width=\"412\">Abril y\u00a0 Octubre.<\/td>\n<\/tr>\n<tr>\n<td width=\"221\">Vales de Calzado.<\/td>\n<td width=\"356\">A todo el personal administrativo.<\/td>\n<td width=\"412\">Abril y\u00a0 Octubre.<\/td>\n<\/tr>\n<tr>\n<td width=\"221\">Fondo de Ahorro Anual.<\/td>\n<td width=\"356\">A todo el personal administrativo.<\/td>\n<td width=\"412\">Segunda quincena de junio.<\/td>\n<\/tr>\n<tr>\n<td width=\"221\">Premio por A\u00f1os de Servicio.<\/td>\n<td width=\"356\">A todo el personal administrativo que cumple 10, 15, 20, 25 y 30 a\u00f1os de servicio en la Instituci\u00f3n.<\/td>\n<td width=\"412\">Mensual.<\/td>\n<\/tr>\n<tr>\n<td width=\"221\">Canastillas para Reci\u00e9n Nacido.<\/td>\n<td width=\"356\">A todo el personal administrativo\u00a0 que acredite el nacimiento de su hijo.<\/td>\n<td width=\"412\">Fecha en que corresponda<\/td>\n<\/tr>\n<tr>\n<td width=\"221\">Apoyo para Gastos Funerarios.<\/td>\n<td width=\"356\">A todo el personal administrativo que tenga la p\u00e9rdida de un familiar directo.<\/td>\n<td width=\"412\">Fecha de solicitud.<\/td>\n<\/tr>\n<tr>\n<td width=\"221\">Sobresueldo por 30 y 35 A\u00f1os de servicio en la Instituci\u00f3n.<\/td>\n<td width=\"356\">A todo el personal administrativo que cumpla 30 \u00f3 35 a\u00f1os de servicio en la instituci\u00f3n<\/td>\n<td>A la fecha de solicitud<\/td>\n<\/tr>\n<tr>\n<td width=\"221\">Tarjetas de Despensa.<\/td>\n<td width=\"356\">Todo el personal administrativo de confianza y sindicalizado.<\/td>\n<td>A la fecha de ingreso o reposici\u00f3n de la misma.<\/td>\n<\/tr>\n<tr>\n<td width=\"221\"><\/td>\n<td width=\"356\"><\/td>\n<td><\/td>\n<\/tr>\n<tr>\n<td width=\"221\"><strong>Personal Docente<\/strong><\/td>\n<td><\/td>\n<td><\/td>\n<\/tr>\n<tr>\n<td width=\"221\">Previsi\u00f3n Social<\/td>\n<td width=\"356\">Todo el personal docente y asignatura.<\/td>\n<td width=\"412\">Seg\u00fan lo establece el CCT-UAA.<\/td>\n<\/tr>\n<tr>\n<td width=\"221\">Fondo de Ahorro Anual.<\/td>\n<td width=\"356\">Personal docente.<\/td>\n<td width=\"412\">Segunda quincena de enero.<\/td>\n<\/tr>\n<tr>\n<td width=\"221\">Equipo de protecci\u00f3n docente<\/td>\n<td width=\"356\">Personal docente que de acuerdo a\u00a0 lo que determine la comisi\u00f3n de seguridad e higiene.<\/td>\n<td width=\"412\">Anual.<\/td>\n<\/tr>\n<tr>\n<td width=\"221\">Sobresueldo por 30 a\u00f1os de servicio en la Instituci\u00f3n.<\/td>\n<td width=\"356\">Personal docente que cumple 30 a\u00f1os de servicio.<\/td>\n<td width=\"412\">Fecha en que corresponda<\/td>\n<\/tr>\n<tr>\n<td width=\"221\">Canastillas Docente<\/td>\n<td width=\"356\">A todo el personal docente que acredite el nacimiento de su hijo.<\/td>\n<td>A la fecha de solicitud<\/td>\n<\/tr>\n<tr>\n<td width=\"221\">Tarjetas de Despensa<\/td>\n<td width=\"356\">Todo el personal docente y asignatura.<\/td>\n<td>A la fecha de ingreso o reposici\u00f3n de la misma.<\/td>\n<\/tr>\n<\/tbody>\n<\/table>\n<p><\/p>\n<h4>PENSIONES Y JUBILACIONES<\/h4>\n<p>Control del fondo de pensiones y jubilaciones del personal administrativo y acad\u00e9mico.<\/p>\n<p><strong>Jubilaciones:<\/strong> recepci\u00f3n, verificaci\u00f3n, an\u00e1lisis y validaci\u00f3n de documentos para el otorgamiento de prestaciones establecidas en el r\u00e9gimen de Jubilaciones y Pensiones.<\/p>\n<p>Requisitos:<\/p>\n<ul>\n<li>Jubilaci\u00f3n por a\u00f1os de servicio: edad y a\u00f1os de servicio.<\/li>\n<li>Pensi\u00f3n por dictamen de invalidez: documentaci\u00f3n emitida por parte del IMSS.<\/li>\n<\/ul>\n<p style=\"text-align: right;\">L.A.E. Maricela Monta\u00f1ez Guardado.<br \/>\nExt. 20328.<\/p>\n<h4>I.M.S.S.<\/h4>\n<ul>\n<li>Realizar tr\u00e1mites, controles y gestiones para el cumplimiento de las disposiciones que se\u00f1ala la Ley del Seguro Social, tales como son:<\/li>\n<li>Altas, bajas y cambios de sueldo ante el IMSS<\/li>\n<li>Incapacidades del personal<\/li>\n<li>Pago mensual y bimestral del IMSS<\/li>\n<li>Control y\u00a0 seguimiento de los incidentes laborales\/riesgos de trabajo<\/li>\n<li>Atender y asesorar a todo el personal que requiera informaci\u00f3n general sobre tr\u00e1mites ante el IMSS.<\/li>\n<\/ul>\n<p><img loading=\"lazy\" decoding=\"async\" class=\"aligncenter size-thumbnail wp-image-1268\" src=\"http:\/\/www.uaa.mx\/direcciones\/sg\/rh\/wp-content\/uploads\/2018\/06\/Maribel-Santillan-Cardona-150x150.jpg\" alt=\"\" width=\"150\" height=\"150\" srcset=\"https:\/\/uaa.mx\/direcciones\/sg\/rh\/wp-content\/uploads\/2018\/06\/Maribel-Santillan-Cardona-150x150.jpg 150w, https:\/\/uaa.mx\/direcciones\/sg\/rh\/wp-content\/uploads\/2018\/06\/Maribel-Santillan-Cardona-300x300.jpg 300w, https:\/\/uaa.mx\/direcciones\/sg\/rh\/wp-content\/uploads\/2018\/06\/Maribel-Santillan-Cardona-768x768.jpg 768w, https:\/\/uaa.mx\/direcciones\/sg\/rh\/wp-content\/uploads\/2018\/06\/Maribel-Santillan-Cardona-1024x1024.jpg 1024w, https:\/\/uaa.mx\/direcciones\/sg\/rh\/wp-content\/uploads\/2018\/06\/Maribel-Santillan-Cardona.jpg 1200w\" sizes=\"auto, (max-width: 150px) 100vw, 150px\" \/><\/p>\n<p style=\"text-align: right;\">L.A.E. Maribel Santill\u00e1n Cardona.<br \/>\nExt. 20329.<\/p>\n<h4>INFONAVIT<\/h4>\n<ul>\n<li>Realizar los tr\u00e1mites, controles y gestiones para el cumplimiento de las disposiciones que se\u00f1ala el INFONAVIT, LFT y Contratos Colectivos.<\/li>\n<li>Recepci\u00f3n de avisos de retenci\u00f3n, suspensi\u00f3n y modificaciones al valor de descuento emitidos por el INFONAVIT.<\/li>\n<li>Aplicaci\u00f3n y seguimiento de la amortizaci\u00f3n de los cr\u00e9ditos de INFONAVIT<\/li>\n<li>Elaboraci\u00f3n de Liquidaci\u00f3n Bimestral.<\/li>\n<li><strong>Elaboraci\u00f3n de finiquitos:<\/strong>\n<ul>\n<li>Fallecimiento<\/li>\n<li>Rescisi\u00f3n de la relaci\u00f3n laboral<\/li>\n<li>Terminaci\u00f3n de contrato.<\/li>\n<\/ul>\n<\/li>\n<\/ul>\n<p style=\"text-align: right;\"><img loading=\"lazy\" decoding=\"async\" class=\"aligncenter size-thumbnail wp-image-1265\" style=\"color: #333333; font-style: normal; font-weight: 300;\" src=\"http:\/\/www.uaa.mx\/direcciones\/sg\/rh\/wp-content\/uploads\/2018\/06\/Rosa-Alejandra-Rivera-Limon-150x150.jpg\" alt=\"\" width=\"150\" height=\"150\" srcset=\"https:\/\/uaa.mx\/direcciones\/sg\/rh\/wp-content\/uploads\/2018\/06\/Rosa-Alejandra-Rivera-Limon-150x150.jpg 150w, https:\/\/uaa.mx\/direcciones\/sg\/rh\/wp-content\/uploads\/2018\/06\/Rosa-Alejandra-Rivera-Limon-300x300.jpg 300w, https:\/\/uaa.mx\/direcciones\/sg\/rh\/wp-content\/uploads\/2018\/06\/Rosa-Alejandra-Rivera-Limon-768x768.jpg 768w, https:\/\/uaa.mx\/direcciones\/sg\/rh\/wp-content\/uploads\/2018\/06\/Rosa-Alejandra-Rivera-Limon-1024x1024.jpg 1024w, https:\/\/uaa.mx\/direcciones\/sg\/rh\/wp-content\/uploads\/2018\/06\/Rosa-Alejandra-Rivera-Limon.jpg 1200w\" sizes=\"auto, (max-width: 150px) 100vw, 150px\" \/><\/p>\n<p style=\"text-align: right;\">Asistente: LA.E. Rosa Alejandra Rivera Lim\u00f3n.<br \/>\nExt. 20330.<\/p>\n","protected":false},"excerpt":{"rendered":"<p>Secci\u00f3n de Seguridad y Prestaciones Sociales Realizar y coordinar las actividades de la Secci\u00f3n cuya finalidad vayan orientadas al otorgamiento de la seguridad social, prestaciones sociales y servicios m\u00e9dicos para todo el personal de la Instituci\u00f3n, as\u00ed como el cumplimiento de la normatividad establecida para tal fin. (Contratos Colectivos de [&hellip;]<\/p>\n","protected":false},"author":5,"featured_media":0,"parent":0,"menu_order":0,"comment_status":"closed","ping_status":"closed","template":"","meta":{"footnotes":""},"class_list":["post-132","page","type-page","status-publish","hentry"],"_links":{"self":[{"href":"https:\/\/uaa.mx\/direcciones\/sg\/rh\/wp-json\/wp\/v2\/pages\/132","targetHints":{"allow":["GET"]}}],"collection":[{"href":"https:\/\/uaa.mx\/direcciones\/sg\/rh\/wp-json\/wp\/v2\/pages"}],"about":[{"href":"https:\/\/uaa.mx\/direcciones\/sg\/rh\/wp-json\/wp\/v2\/types\/page"}],"author":[{"embeddable":true,"href":"https:\/\/uaa.mx\/direcciones\/sg\/rh\/wp-json\/wp\/v2\/users\/5"}],"replies":[{"embeddable":true,"href":"https:\/\/uaa.mx\/direcciones\/sg\/rh\/wp-json\/wp\/v2\/comments?post=132"}],"version-history":[{"count":24,"href":"https:\/\/uaa.mx\/direcciones\/sg\/rh\/wp-json\/wp\/v2\/pages\/132\/revisions"}],"predecessor-version":[{"id":3303,"href":"https:\/\/uaa.mx\/direcciones\/sg\/rh\/wp-json\/wp\/v2\/pages\/132\/revisions\/3303"}],"wp:attachment":[{"href":"https:\/\/uaa.mx\/direcciones\/sg\/rh\/wp-json\/wp\/v2\/media?parent=132"}],"curies":[{"name":"wp","href":"https:\/\/api.w.org\/{rel}","templated":true}]}}