{"id":135,"date":"2015-04-07T15:44:31","date_gmt":"2015-04-07T15:44:31","guid":{"rendered":"http:\/\/www.uaa.mx\/direcciones\/sg\/rh\/?page_id=135"},"modified":"2025-08-19T15:52:51","modified_gmt":"2025-08-19T15:52:51","slug":"desarrollo-integral-2","status":"publish","type":"page","link":"https:\/\/uaa.mx\/direcciones\/sg\/rh\/desarrollo-integral-2\/","title":{"rendered":"Desarrollo Integral"},"content":{"rendered":"\n<h3 class=\"wp-block-heading\">Secci\u00f3n de Desarrollo Integral<\/h3>\n\n\n\n<p>Elaborar, dise\u00f1ar, implementar y coordinar los eventos, planes, programas y proyectos encaminados al desarrollo integral del personal administrativo de la Instituci\u00f3n, mediante la aplicaci\u00f3n de evaluaciones de desempe\u00f1o, la implementaci\u00f3n de programas de capacitaci\u00f3n, la realizaci\u00f3n de eventos y la identificaci\u00f3n, an\u00e1lisis y prevenci\u00f3n de riesgos psicosociales a trav\u00e9s de la NOM 035.<\/p>\n\n\n\n<div class=\"wp-block-group\"><div class=\"wp-block-group__inner-container is-layout-constrained wp-block-group-is-layout-constrained\">\n<div class=\"wp-block-group is-vertical is-content-justification-right is-layout-flex wp-container-core-group-is-layout-c0d519fa wp-block-group-is-layout-flex\"><div class=\"wp-block-image\">\n<figure class=\"alignright\"><a href=\"https:\/\/uaa.mx\/direcciones\/sg\/rh\/wp-content\/uploads\/2018\/06\/Edgar-Eiram-Castro-Torres.jpg\"><img loading=\"lazy\" decoding=\"async\" width=\"150\" height=\"150\" src=\"https:\/\/uaa.mx\/direcciones\/sg\/rh\/wp-content\/uploads\/2018\/06\/Edgar-Eiram-Castro-Torres-150x150.jpg\" alt=\"\" class=\"wp-image-1278\" srcset=\"https:\/\/uaa.mx\/direcciones\/sg\/rh\/wp-content\/uploads\/2018\/06\/Edgar-Eiram-Castro-Torres-150x150.jpg 150w, https:\/\/uaa.mx\/direcciones\/sg\/rh\/wp-content\/uploads\/2018\/06\/Edgar-Eiram-Castro-Torres-300x300.jpg 300w, https:\/\/uaa.mx\/direcciones\/sg\/rh\/wp-content\/uploads\/2018\/06\/Edgar-Eiram-Castro-Torres-768x768.jpg 768w, https:\/\/uaa.mx\/direcciones\/sg\/rh\/wp-content\/uploads\/2018\/06\/Edgar-Eiram-Castro-Torres-1024x1024.jpg 1024w, https:\/\/uaa.mx\/direcciones\/sg\/rh\/wp-content\/uploads\/2018\/06\/Edgar-Eiram-Castro-Torres.jpg 1200w\" sizes=\"auto, (max-width: 150px) 100vw, 150px\" \/><\/a><\/figure>\n<\/div>\n\n\n<p class=\"has-text-align-right\">Jefe de Secci\u00f3n: L.R.I. Edgar Eiram Castro Torres.<br>Ext. 20331.<\/p>\n<\/div>\n<\/div><\/div>\n\n\n\n<h3 class=\"wp-block-heading\"><strong><mark style=\"background-color:rgba(0, 0, 0, 0)\" class=\"has-inline-color has-accent-color\">EVALUACIONES Y EVENTOS<\/mark><\/strong><\/h3>\n\n\n\n<ul class=\"wp-block-list\">\n<li>Coordinar los procesos de evaluaci\u00f3n de productividad del personal administrativo sindicalizado y de confianza y del proceso de evaluaci\u00f3n de productividad por competencias laborales.<\/li>\n\n\n\n<li>Coordinar el proceso de evaluaci\u00f3n bienal del personal administrativo de confianza.<\/li>\n\n\n\n<li>Apoyar en la organizaci\u00f3n, coordinaci\u00f3n y log\u00edstica de los eventos del D\u00eda de las Madres, Reconocimiento por A\u00f1os de Servicio del Personal Administrativo de Confianza y Cena Baile del Personal Administrativo de Confianza.<\/li>\n<\/ul>\n\n\n\n<div class=\"wp-block-group is-vertical is-content-justification-right is-layout-flex wp-container-core-group-is-layout-c0d519fa wp-block-group-is-layout-flex\">\n<figure class=\"wp-block-image\"><a href=\"https:\/\/uaa.mx\/direcciones\/sg\/rh\/wp-content\/uploads\/2025\/07\/Sofia-Maribel-Velazquez-Macias-1-scaled-e1753287393861.jpg\"><img loading=\"lazy\" decoding=\"async\" width=\"150\" height=\"150\" src=\"https:\/\/uaa.mx\/direcciones\/sg\/rh\/wp-content\/uploads\/2025\/07\/Sofia-Maribel-Velazquez-Macias-1-scaled-e1753287393861-150x150.jpg\" alt=\"\" class=\"wp-image-3317\" srcset=\"https:\/\/uaa.mx\/direcciones\/sg\/rh\/wp-content\/uploads\/2025\/07\/Sofia-Maribel-Velazquez-Macias-1-scaled-e1753287393861-150x150.jpg 150w, https:\/\/uaa.mx\/direcciones\/sg\/rh\/wp-content\/uploads\/2025\/07\/Sofia-Maribel-Velazquez-Macias-1-scaled-e1753287393861-300x300.jpg 300w, https:\/\/uaa.mx\/direcciones\/sg\/rh\/wp-content\/uploads\/2025\/07\/Sofia-Maribel-Velazquez-Macias-1-scaled-e1753287393861-1024x1024.jpg 1024w, https:\/\/uaa.mx\/direcciones\/sg\/rh\/wp-content\/uploads\/2025\/07\/Sofia-Maribel-Velazquez-Macias-1-scaled-e1753287393861-768x768.jpg 768w, https:\/\/uaa.mx\/direcciones\/sg\/rh\/wp-content\/uploads\/2025\/07\/Sofia-Maribel-Velazquez-Macias-1-scaled-e1753287393861-1536x1536.jpg 1536w, https:\/\/uaa.mx\/direcciones\/sg\/rh\/wp-content\/uploads\/2025\/07\/Sofia-Maribel-Velazquez-Macias-1-scaled-e1753287393861.jpg 1668w\" sizes=\"auto, (max-width: 150px) 100vw, 150px\" \/><\/a><\/figure>\n\n\n\n<p class=\"has-text-align-right\">Asistente: L.A.E. Sof\u00eda Maribel Vel\u00e1zquez Mac\u00edas.<br>\nExt. 20333.<\/p>\n<\/div>\n\n\n\n<h3 class=\"wp-block-heading\"><mark style=\"background-color:rgba(0, 0, 0, 0)\" class=\"has-inline-color has-accent-color\">CAPACITACI\u00d3N<\/mark><\/h3>\n\n\n\n<ul class=\"wp-block-list\">\n<li>Coordinar, implementar y supervisar la impartici\u00f3n de los cursos de capacitaci\u00f3n del personal administrativo sindicalizado y de confianza en sus diferentes modalidades (presencial y en l\u00ednea), durante el periodo interclase y semestral.<\/li>\n\n\n\n<li>Atenci\u00f3n y Gesti\u00f3n de cursos de capacitaci\u00f3n, derivado de las necesidades de las diferentes \u00e1reas administrativas de la instituci\u00f3n.<\/li>\n\n\n\n<li>Elaborar el Programa anual de Capacitaci\u00f3n para el personal administrativo sindicalizado y de confianza.<\/li>\n\n\n\n<li>Realizar la difusi\u00f3n de los cursos de capacitaci\u00f3n para el personal administrativo sindicalizado y de confianza.<\/li>\n\n\n\n<li>Llevar a cabo la selecci\u00f3n, contrataci\u00f3n y gesti\u00f3n del tr\u00e1mite de pago a capacitadores externos.<\/li>\n\n\n\n<li>Coordinar y supervisar la log\u00edstica de los cursos de capacitaci\u00f3n.<\/li>\n\n\n\n<li>Elaborar y difundir el informe anual de capacitaci\u00f3n.<\/li>\n<\/ul>\n\n\n\n<div class=\"wp-block-group is-vertical is-content-justification-right is-layout-flex wp-container-core-group-is-layout-c0d519fa wp-block-group-is-layout-flex\"><div class=\"wp-block-image\">\n<figure class=\"alignright\"><img loading=\"lazy\" decoding=\"async\" width=\"150\" height=\"150\" src=\"http:\/\/www.uaa.mx\/direcciones\/sg\/rh\/wp-content\/uploads\/2018\/06\/Lucrecia-Delgadillo-de-la-Serna-150x150.jpg\" alt=\"\" class=\"wp-image-1280\" srcset=\"https:\/\/uaa.mx\/direcciones\/sg\/rh\/wp-content\/uploads\/2018\/06\/Lucrecia-Delgadillo-de-la-Serna-150x150.jpg 150w, https:\/\/uaa.mx\/direcciones\/sg\/rh\/wp-content\/uploads\/2018\/06\/Lucrecia-Delgadillo-de-la-Serna-300x300.jpg 300w, https:\/\/uaa.mx\/direcciones\/sg\/rh\/wp-content\/uploads\/2018\/06\/Lucrecia-Delgadillo-de-la-Serna-768x768.jpg 768w, https:\/\/uaa.mx\/direcciones\/sg\/rh\/wp-content\/uploads\/2018\/06\/Lucrecia-Delgadillo-de-la-Serna-1024x1024.jpg 1024w, https:\/\/uaa.mx\/direcciones\/sg\/rh\/wp-content\/uploads\/2018\/06\/Lucrecia-Delgadillo-de-la-Serna.jpg 1200w\" sizes=\"auto, (max-width: 150px) 100vw, 150px\" \/><\/figure>\n<\/div>\n\n\n<p class=\"has-text-align-right\">Encargada de Capacitaci\u00f3n: L.A.E. Lucrecia Delgadillo de la Serna.<br> Ext. 20334.<\/p>\n<\/div>\n\n\n\n<p class=\"has-text-align-right\"><\/p>\n\n\n\n<h3 class=\"wp-block-heading\"><mark style=\"background-color:rgba(0, 0, 0, 0)\" class=\"has-inline-color has-accent-color\">NOM 035<\/mark><\/h3>\n\n\n\n<ul class=\"wp-block-list\">\n<li>Coordinar la aplicaci\u00f3n de las gu\u00edas de referencia I y III de la NOM-035, as\u00ed como y realizar el an\u00e1lisis de resultados de las mismas.<\/li>\n\n\n\n<li>Llevar a cabo la difusi\u00f3n y seguimiento de los resultados de la NOM- 035 y la Pol\u00edtica de Prevenci\u00f3n de Riesgos Psicosociales.<\/li>\n\n\n\n<li>Coordinar y monitorear el establecimiento e implementaci\u00f3n de acciones derivado de los resultados de la aplicaci\u00f3n gu\u00edas de referencia I y III de la NOM-035.<\/li>\n\n\n\n<li>Atender en primera instancia al personal que han presentado alg\u00fan Acontecimiento Traum\u00e1tico Severo (ATS).<\/li>\n\n\n\n<li>Brindar atenci\u00f3n y seguimiento a las quejas presentadas en el Buz\u00f3n de la NOM-035 por actos violencia laboral o practicas opuestas al entorno organizacional favorable.<\/li>\n\n\n\n<li>Realizar intervenciones y la aplicaci\u00f3n de evaluaciones especificas a \u00e1reas solicitantes, por actos violencia laboral o practicas opuestas al entorno organizacional favorable.<\/li>\n<\/ul>\n\n\n\n<div class=\"wp-block-group is-vertical is-content-justification-right is-layout-flex wp-container-core-group-is-layout-c0d519fa wp-block-group-is-layout-flex\"><div class=\"wp-block-image\">\n<figure class=\"alignright size-large is-resized\"><a href=\"https:\/\/uaa.mx\/direcciones\/sg\/rh\/wp-content\/uploads\/2025\/08\/Nancy-Elizabeth-Duron-Melendez-scaled.jpg\"><img loading=\"lazy\" decoding=\"async\" width=\"2560\" height=\"2560\" src=\"https:\/\/uaa.mx\/direcciones\/sg\/rh\/wp-content\/uploads\/2025\/08\/Nancy-Elizabeth-Duron-Melendez-edited-scaled.jpg\" alt=\"\" class=\"wp-image-3335\" style=\"width:158px;height:auto\" srcset=\"https:\/\/uaa.mx\/direcciones\/sg\/rh\/wp-content\/uploads\/2025\/08\/Nancy-Elizabeth-Duron-Melendez-edited-scaled.jpg 2560w, https:\/\/uaa.mx\/direcciones\/sg\/rh\/wp-content\/uploads\/2025\/08\/Nancy-Elizabeth-Duron-Melendez-edited-300x300.jpg 300w, https:\/\/uaa.mx\/direcciones\/sg\/rh\/wp-content\/uploads\/2025\/08\/Nancy-Elizabeth-Duron-Melendez-edited-1024x1024.jpg 1024w, https:\/\/uaa.mx\/direcciones\/sg\/rh\/wp-content\/uploads\/2025\/08\/Nancy-Elizabeth-Duron-Melendez-edited-150x150.jpg 150w, https:\/\/uaa.mx\/direcciones\/sg\/rh\/wp-content\/uploads\/2025\/08\/Nancy-Elizabeth-Duron-Melendez-edited-768x768.jpg 768w, https:\/\/uaa.mx\/direcciones\/sg\/rh\/wp-content\/uploads\/2025\/08\/Nancy-Elizabeth-Duron-Melendez-edited-1536x1536.jpg 1536w, https:\/\/uaa.mx\/direcciones\/sg\/rh\/wp-content\/uploads\/2025\/08\/Nancy-Elizabeth-Duron-Melendez-edited-2048x2048.jpg 2048w\" sizes=\"auto, (max-width: 2560px) 100vw, 2560px\" \/><\/a><\/figure>\n<\/div>\n\n\n<p class=\"has-text-align-right\">M. en C.E. y P.C. Nancy Elizabeth Dur\u00f3n Mel\u00e9ndez<br>Ext. 20333.<\/p>\n<\/div>\n","protected":false},"excerpt":{"rendered":"<p>Secci\u00f3n de Desarrollo Integral Elaborar, dise\u00f1ar, implementar y coordinar los eventos, planes, programas y proyectos encaminados al desarrollo integral del personal administrativo de la Instituci\u00f3n, mediante la aplicaci\u00f3n de evaluaciones de desempe\u00f1o, la implementaci\u00f3n de programas de capacitaci\u00f3n, la realizaci\u00f3n de eventos y la identificaci\u00f3n, an\u00e1lisis y prevenci\u00f3n de riesgos [&hellip;]<\/p>\n","protected":false},"author":5,"featured_media":0,"parent":0,"menu_order":0,"comment_status":"closed","ping_status":"closed","template":"","meta":{"footnotes":""},"class_list":["post-135","page","type-page","status-publish","hentry"],"_links":{"self":[{"href":"https:\/\/uaa.mx\/direcciones\/sg\/rh\/wp-json\/wp\/v2\/pages\/135","targetHints":{"allow":["GET"]}}],"collection":[{"href":"https:\/\/uaa.mx\/direcciones\/sg\/rh\/wp-json\/wp\/v2\/pages"}],"about":[{"href":"https:\/\/uaa.mx\/direcciones\/sg\/rh\/wp-json\/wp\/v2\/types\/page"}],"author":[{"embeddable":true,"href":"https:\/\/uaa.mx\/direcciones\/sg\/rh\/wp-json\/wp\/v2\/users\/5"}],"replies":[{"embeddable":true,"href":"https:\/\/uaa.mx\/direcciones\/sg\/rh\/wp-json\/wp\/v2\/comments?post=135"}],"version-history":[{"count":23,"href":"https:\/\/uaa.mx\/direcciones\/sg\/rh\/wp-json\/wp\/v2\/pages\/135\/revisions"}],"predecessor-version":[{"id":3349,"href":"https:\/\/uaa.mx\/direcciones\/sg\/rh\/wp-json\/wp\/v2\/pages\/135\/revisions\/3349"}],"wp:attachment":[{"href":"https:\/\/uaa.mx\/direcciones\/sg\/rh\/wp-json\/wp\/v2\/media?parent=135"}],"curies":[{"name":"wp","href":"https:\/\/api.w.org\/{rel}","templated":true}]}}