{"id":1506,"date":"2018-10-11T17:32:10","date_gmt":"2018-10-11T17:32:10","guid":{"rendered":"http:\/\/www.uaa.mx\/direcciones\/sg\/rh\/?page_id=1506"},"modified":"2025-01-13T21:14:34","modified_gmt":"2025-01-13T21:14:34","slug":"jefatura","status":"publish","type":"page","link":"https:\/\/uaa.mx\/direcciones\/sg\/rh\/","title":{"rendered":"Jefatura"},"content":{"rendered":"<h3>Jefatura<\/h3>\n<p style=\"text-align: justify;\">Coordinar las actividades relacionadas con los procesos de selecci\u00f3n, contrataci\u00f3n e integraci\u00f3n del personal, as\u00ed como los procesos de otorgamiento de seguridad y prestaciones sociales, evaluaci\u00f3n, promoci\u00f3n y desarrollo del personal, y administraci\u00f3n de sueldos y prestaciones de la Instituci\u00f3n.<\/p>\n<p style=\"text-align: center;\">\n<p style=\"text-align: center;\">Ext. 20312<\/p>\n","protected":false},"excerpt":{"rendered":"<p>Jefatura Coordinar las actividades relacionadas con los procesos de selecci\u00f3n, contrataci\u00f3n e integraci\u00f3n del personal, as\u00ed como los procesos de otorgamiento de seguridad y prestaciones sociales, evaluaci\u00f3n, promoci\u00f3n y desarrollo del personal, y administraci\u00f3n de sueldos y prestaciones de la Instituci\u00f3n. Ext. 20312<\/p>\n","protected":false},"author":5,"featured_media":0,"parent":0,"menu_order":0,"comment_status":"closed","ping_status":"closed","template":"","meta":{"footnotes":""},"class_list":["post-1506","page","type-page","status-publish","hentry"],"_links":{"self":[{"href":"https:\/\/uaa.mx\/direcciones\/sg\/rh\/wp-json\/wp\/v2\/pages\/1506","targetHints":{"allow":["GET"]}}],"collection":[{"href":"https:\/\/uaa.mx\/direcciones\/sg\/rh\/wp-json\/wp\/v2\/pages"}],"about":[{"href":"https:\/\/uaa.mx\/direcciones\/sg\/rh\/wp-json\/wp\/v2\/types\/page"}],"author":[{"embeddable":true,"href":"https:\/\/uaa.mx\/direcciones\/sg\/rh\/wp-json\/wp\/v2\/users\/5"}],"replies":[{"embeddable":true,"href":"https:\/\/uaa.mx\/direcciones\/sg\/rh\/wp-json\/wp\/v2\/comments?post=1506"}],"version-history":[{"count":10,"href":"https:\/\/uaa.mx\/direcciones\/sg\/rh\/wp-json\/wp\/v2\/pages\/1506\/revisions"}],"predecessor-version":[{"id":3308,"href":"https:\/\/uaa.mx\/direcciones\/sg\/rh\/wp-json\/wp\/v2\/pages\/1506\/revisions\/3308"}],"wp:attachment":[{"href":"https:\/\/uaa.mx\/direcciones\/sg\/rh\/wp-json\/wp\/v2\/media?parent=1506"}],"curies":[{"name":"wp","href":"https:\/\/api.w.org\/{rel}","templated":true}]}}