{"id":2,"date":"2013-05-29T19:08:45","date_gmt":"2013-05-29T19:08:45","guid":{"rendered":"http:\/\/www.uaa.mx\/direcciones\/sg\/rh_new\/?page_id=2"},"modified":"2025-06-12T16:02:20","modified_gmt":"2025-06-12T16:02:20","slug":"departamento","status":"publish","type":"page","link":"https:\/\/uaa.mx\/direcciones\/sg\/rh\/departamento\/","title":{"rendered":"Departamento"},"content":{"rendered":"<h3>Departamento<\/h3>\n<h4>JEFATURA DEL DEPARTAMENTO DE RECURSOS HUMANOS<\/h4>\n<p style=\"text-align: justify;\">Coordinar las actividades relacionadas con los procesos de selecci\u00f3n, contrataci\u00f3n e integraci\u00f3n del personal, as\u00ed como los procesos de otorgamiento de seguridad y prestaciones sociales, evaluaci\u00f3n, promoci\u00f3n y desarrollo del personal, y administraci\u00f3n de sueldos y prestaciones de la Instituci\u00f3n.<\/p>\n<p style=\"text-align: right;\"><\/p>\n<p style=\"text-align: right;\">Responsable: M. en C. E. Valeria Concepci\u00f3n Gonz\u00e1lez Ram\u00edrez.<\/p>\n<p style=\"text-align: right;\">Secretaria de Confianza: Diana Alvarez Romo.<br \/>Ext. 20312.<\/p>\n<h4>CONTROL DOCENTE<\/h4>\n<ul>\n<li>Control de premios por a\u00f1os de servicio del personal acad\u00e9mico.<\/li>\n<li>Aclaraci\u00f3n de resultados de Evaluaci\u00f3n Bienal para personal acad\u00e9mico.<\/li>\n<li>Autorizaci\u00f3n de horarios acad\u00e9micos de dedicaci\u00f3n parcial y exclusivos.<\/li>\n<li>Tr\u00e1mite de exenci\u00f3n de pago.<\/li>\n<li>Elaboraci\u00f3n de constancias de materias impartidas.<\/li>\n<\/ul>\n<p><img loading=\"lazy\" decoding=\"async\" src=\"https:\/\/uaa.mx\/direcciones\/sg\/rh\/wp-content\/uploads\/2018\/06\/Laura-Angelica-Rangel-Montoya-150x150.jpg\" alt=\"\" width=\"150\" height=\"150\" class=\"aligncenter wp-image-1250 size-thumbnail\" srcset=\"https:\/\/uaa.mx\/direcciones\/sg\/rh\/wp-content\/uploads\/2018\/06\/Laura-Angelica-Rangel-Montoya-150x150.jpg 150w, https:\/\/uaa.mx\/direcciones\/sg\/rh\/wp-content\/uploads\/2018\/06\/Laura-Angelica-Rangel-Montoya-300x300.jpg 300w, https:\/\/uaa.mx\/direcciones\/sg\/rh\/wp-content\/uploads\/2018\/06\/Laura-Angelica-Rangel-Montoya-768x768.jpg 768w, https:\/\/uaa.mx\/direcciones\/sg\/rh\/wp-content\/uploads\/2018\/06\/Laura-Angelica-Rangel-Montoya-1024x1024.jpg 1024w, https:\/\/uaa.mx\/direcciones\/sg\/rh\/wp-content\/uploads\/2018\/06\/Laura-Angelica-Rangel-Montoya.jpg 1200w\" sizes=\"auto, (max-width: 150px) 100vw, 150px\" \/><\/p>\n<p style=\"text-align: right;\">Responsable: L.A.E. Laura Ang\u00e9lica Rangel Montoya.<br \/>Ext. 20316.<\/p>\n<p><img loading=\"lazy\" decoding=\"async\" class=\"alignnone size-thumbnail wp-image-1247 aligncenter\" style=\"color: #333333; font-style: normal; font-weight: 300; text-align: center;\" src=\"http:\/\/www.uaa.mx\/direcciones\/sg\/rh\/wp-content\/uploads\/2018\/06\/Alma-Delia-Lopez-Martinez--150x150.jpg\" alt=\"\" width=\"150\" height=\"150\" srcset=\"https:\/\/uaa.mx\/direcciones\/sg\/rh\/wp-content\/uploads\/2018\/06\/Alma-Delia-Lopez-Martinez--150x150.jpg 150w, https:\/\/uaa.mx\/direcciones\/sg\/rh\/wp-content\/uploads\/2018\/06\/Alma-Delia-Lopez-Martinez--300x300.jpg 300w, https:\/\/uaa.mx\/direcciones\/sg\/rh\/wp-content\/uploads\/2018\/06\/Alma-Delia-Lopez-Martinez--768x768.jpg 768w, https:\/\/uaa.mx\/direcciones\/sg\/rh\/wp-content\/uploads\/2018\/06\/Alma-Delia-Lopez-Martinez--1024x1024.jpg 1024w, https:\/\/uaa.mx\/direcciones\/sg\/rh\/wp-content\/uploads\/2018\/06\/Alma-Delia-Lopez-Martinez-.jpg 1200w\" sizes=\"auto, (max-width: 150px) 100vw, 150px\" \/><\/p>\n<p style=\"text-align: right;\">Auxiliar Administrativo: Tec. Agrop. Alma Delia L\u00f3pez Mart\u00ednez.<\/p>\n<h4>M\u00d3DULO DE RECEPCI\u00d3N<\/h4>\n<ul>\n<li>Informaci\u00f3n general.<\/li>\n<li>Solicitud de constancias.<\/li>\n<li>Entrega de evaluaciones bienales y de materias impartidas.<\/li>\n<li>Consultas e informaci\u00f3n sobre horario acad\u00e9mico.<\/li>\n<li>Citas para ex\u00e1menes m\u00e9dicos.<\/li>\n<li>Recepci\u00f3n de documentos para docentes de nuevo ingreso.<\/li>\n<li>Recepci\u00f3n de correspondencia (oficios, documentos comprobatorios, incapacidades).<\/li>\n<li>Resello de credenciales.<\/li>\n<li>Seguimiento de control de asistencias y sueldos.<\/li>\n<li>Seguimiento a solicitudes de la p\u00e1gina de Recursos Humanos<\/li>\n<li><a href=\"http:\/\/recursoshumanos.uaa.mx\/login.php\"><span style=\"text-decoration: underline;\">http:\/\/recursoshumanos.uaa.mx\/login.php<\/span><\/a><\/li>\n<\/ul>\n<p style=\"text-align: right;\">Claudia Paola Romo Aguilar.<br \/>Ext. 20314.<\/p>\n<p style=\"text-align: right;\">Antonia del Carmen Zavala Jim\u00e9nez.<br \/>Ext. 20315.<\/p>\n<p style=\"text-align: right;\">Dayana Vanessa Rocha Hern\u00e1ndez.<br \/>Ext. 20313.<\/p>\n\n\n<div style=\"height:40px\" aria-hidden=\"true\" class=\"wp-block-spacer\"><\/div>\n","protected":false},"excerpt":{"rendered":"<p>Departamento JEFATURA DEL DEPARTAMENTO DE RECURSOS HUMANOS Coordinar las actividades relacionadas con los procesos de selecci\u00f3n, contrataci\u00f3n e integraci\u00f3n del personal, as\u00ed como los procesos de otorgamiento de seguridad y prestaciones sociales, evaluaci\u00f3n, promoci\u00f3n y desarrollo del personal, y administraci\u00f3n de sueldos y prestaciones de la Instituci\u00f3n. Responsable: M. en [&hellip;]<\/p>\n","protected":false},"author":5,"featured_media":0,"parent":0,"menu_order":0,"comment_status":"closed","ping_status":"closed","template":"","meta":{"footnotes":""},"class_list":["post-2","page","type-page","status-publish","hentry"],"_links":{"self":[{"href":"https:\/\/uaa.mx\/direcciones\/sg\/rh\/wp-json\/wp\/v2\/pages\/2","targetHints":{"allow":["GET"]}}],"collection":[{"href":"https:\/\/uaa.mx\/direcciones\/sg\/rh\/wp-json\/wp\/v2\/pages"}],"about":[{"href":"https:\/\/uaa.mx\/direcciones\/sg\/rh\/wp-json\/wp\/v2\/types\/page"}],"author":[{"embeddable":true,"href":"https:\/\/uaa.mx\/direcciones\/sg\/rh\/wp-json\/wp\/v2\/users\/5"}],"replies":[{"embeddable":true,"href":"https:\/\/uaa.mx\/direcciones\/sg\/rh\/wp-json\/wp\/v2\/comments?post=2"}],"version-history":[{"count":25,"href":"https:\/\/uaa.mx\/direcciones\/sg\/rh\/wp-json\/wp\/v2\/pages\/2\/revisions"}],"predecessor-version":[{"id":3312,"href":"https:\/\/uaa.mx\/direcciones\/sg\/rh\/wp-json\/wp\/v2\/pages\/2\/revisions\/3312"}],"wp:attachment":[{"href":"https:\/\/uaa.mx\/direcciones\/sg\/rh\/wp-json\/wp\/v2\/media?parent=2"}],"curies":[{"name":"wp","href":"https:\/\/api.w.org\/{rel}","templated":true}]}}