{"id":2393,"date":"2021-09-15T17:10:21","date_gmt":"2021-09-15T17:10:21","guid":{"rendered":"https:\/\/www.uaa.mx\/direcciones\/sg\/rh\/?page_id=2393"},"modified":"2021-10-20T18:48:57","modified_gmt":"2021-10-20T18:48:57","slug":"nom-035-stps-2018","status":"publish","type":"page","link":"https:\/\/uaa.mx\/direcciones\/sg\/rh\/nom-035-stps-2018\/","title":{"rendered":"NOM-035-STPS-2018"},"content":{"rendered":"<p><center><\/p>\n<p style=\"text-align: center;\">C\u00e1psula 1: NOM-035-STPS-2018 Factores de Riesgo Psicosocial en el Trabajo-Identificaci\u00f3n<\/p>\n<div style=\"width: 640px;\" class=\"wp-video\"><video class=\"wp-video-shortcode\" id=\"video-2393-1\" width=\"640\" height=\"360\" preload=\"metadata\" controls=\"controls\"><source type=\"video\/mp4\" src=\"https:\/\/www.uaa.mx\/direcciones\/sg\/rh\/video\/NOM035STPS%20capsula.mp4?_=1\" \/><a href=\"https:\/\/www.uaa.mx\/direcciones\/sg\/rh\/video\/NOM035STPS%20capsula.mp4\">https:\/\/www.uaa.mx\/direcciones\/sg\/rh\/video\/NOM035STPS%20capsula.mp4<\/a><\/video><\/div>\n<p>&nbsp;<\/p>\n<p style=\"text-align: center;\">C\u00e1psula 2: Avances de la NOM-035<\/p>\n<div style=\"width: 640px;\" class=\"wp-video\"><video class=\"wp-video-shortcode\" id=\"video-2393-2\" width=\"640\" height=\"360\" preload=\"metadata\" controls=\"controls\"><source type=\"video\/mp4\" src=\"https:\/\/www.uaa.mx\/direcciones\/sg\/rh\/video\/AVANCES%20NOM%20035.mp4?_=2\" \/><a href=\"https:\/\/www.uaa.mx\/direcciones\/sg\/rh\/video\/AVANCES%20NOM%20035.mp4\">https:\/\/www.uaa.mx\/direcciones\/sg\/rh\/video\/AVANCES%20NOM%20035.mp4<\/a><\/video><\/div>\n<p>&nbsp;<br \/>\n<\/center><br \/>\n&nbsp;<\/p>\n<p>&nbsp;<\/p>\n<p>&nbsp;<\/p>\n<p><img loading=\"lazy\" decoding=\"async\" src=\"https:\/\/www.uaa.mx\/direcciones\/sg\/rh\/wp-content\/uploads\/2021\/09\/nom-035-1.jpg\" alt=\"\" width=\"1000\" height=\"560\" class=\"aligncenter wp-image-2400 size-full\" srcset=\"https:\/\/uaa.mx\/direcciones\/sg\/rh\/wp-content\/uploads\/2021\/09\/nom-035-1.jpg 1000w, https:\/\/uaa.mx\/direcciones\/sg\/rh\/wp-content\/uploads\/2021\/09\/nom-035-1-300x168.jpg 300w, https:\/\/uaa.mx\/direcciones\/sg\/rh\/wp-content\/uploads\/2021\/09\/nom-035-1-768x430.jpg 768w\" sizes=\"auto, (max-width: 1000px) 100vw, 1000px\" \/><\/p>\n","protected":false},"excerpt":{"rendered":"<p>C\u00e1psula 1: NOM-035-STPS-2018 Factores de Riesgo Psicosocial en el Trabajo-Identificaci\u00f3n &nbsp; C\u00e1psula 2: Avances de la NOM-035 &nbsp; &nbsp; &nbsp; &nbsp;<\/p>\n","protected":false},"author":5,"featured_media":0,"parent":0,"menu_order":0,"comment_status":"closed","ping_status":"closed","template":"","meta":{"footnotes":""},"class_list":["post-2393","page","type-page","status-publish","hentry"],"_links":{"self":[{"href":"https:\/\/uaa.mx\/direcciones\/sg\/rh\/wp-json\/wp\/v2\/pages\/2393","targetHints":{"allow":["GET"]}}],"collection":[{"href":"https:\/\/uaa.mx\/direcciones\/sg\/rh\/wp-json\/wp\/v2\/pages"}],"about":[{"href":"https:\/\/uaa.mx\/direcciones\/sg\/rh\/wp-json\/wp\/v2\/types\/page"}],"author":[{"embeddable":true,"href":"https:\/\/uaa.mx\/direcciones\/sg\/rh\/wp-json\/wp\/v2\/users\/5"}],"replies":[{"embeddable":true,"href":"https:\/\/uaa.mx\/direcciones\/sg\/rh\/wp-json\/wp\/v2\/comments?post=2393"}],"version-history":[{"count":11,"href":"https:\/\/uaa.mx\/direcciones\/sg\/rh\/wp-json\/wp\/v2\/pages\/2393\/revisions"}],"predecessor-version":[{"id":2431,"href":"https:\/\/uaa.mx\/direcciones\/sg\/rh\/wp-json\/wp\/v2\/pages\/2393\/revisions\/2431"}],"wp:attachment":[{"href":"https:\/\/uaa.mx\/direcciones\/sg\/rh\/wp-json\/wp\/v2\/media?parent=2393"}],"curies":[{"name":"wp","href":"https:\/\/api.w.org\/{rel}","templated":true}]}}